{"id":48,"date":"2016-09-14T13:38:59","date_gmt":"2016-09-14T13:38:59","guid":{"rendered":"http:\/\/baustelle.kindergartenfoerderungsverein-raisting.de\/?page_id=48"},"modified":"2019-09-29T19:18:41","modified_gmt":"2019-09-29T17:18:41","slug":"impressum","status":"publish","type":"page","link":"https:\/\/www.kifoe-raisting.de\/?page_id=48","title":{"rendered":"Impressum"},"content":{"rendered":"<p>Inhaltlich Verantwortlich:<\/p>\n<p><strong>Kinderf\u00f6rderverein Raisting e.V.<br \/>\n<\/strong>Laura Dorsch<br \/>\nGruberberg 4<br \/>\n82399 Raisting<br \/>\neMail: info@kifoe-raisting.de<br \/>\nVereinsregisternummer: VR 80189, Vereinsregister M\u00fcnchen<\/p>\n<p>&nbsp;<\/p>\n<p><strong><span style=\"font-family: arial;\">Rechtliche Hinweise<br \/>\n<\/span><\/strong>Die Angaben auf dieser Seite beruhen auf Selbstausk\u00fcnften oder Selbsteintragungen durch die Verantwortlichen des Kinderf\u00f6rdervereins, auf Mitteilungen von Nutzern anhand allgemein zug\u00e4nglicher Quellen selbst recherchierten Informationen. Wir bem\u00fchen uns, die Angaben aktuell zu halten und freuen uns \u00fcber Hinweise auf zu korrrigierende Daten. Bitte beachten Sie aber, dass die Richtigkeit der Angaben auf dieser Seite von uns nicht vollst\u00e4ndig gepr\u00fcft und daher auch nicht gew\u00e4hrleistet wird. Angaben, die f\u00fcr Ihre Entscheidungen wichtig sind, sollten Sie daher anhand einer weiteren Quelle auf Aktualit\u00e4t \u00fcberpr\u00fcfen.<\/p>\n<p>Die Nutzung abrufbaren Informationen ist ausschlie\u00dflich f\u00fcr eigene Zwecke im Zusammenhang mit der Nutzung gestattet. Insbesondere das systematische oder vollst\u00e4ndige Auslesen der Daten zum Zwecke der Speicherung, automatisierten Verarbeitung oder gesch\u00e4ftlichen Nutzung ist nicht gestattet.<\/p>\n<p>&nbsp;<\/p>\n<p><strong>Haftungsausschluss<br \/>\n<\/strong>Diese Seite haftet nicht f\u00fcr den Inhalt der Ver\u00f6ffentlichungen der Nutzer; dies gilt insbesondere f\u00fcr F\u00e4lle, in denen die von Nutzern eingestellten Inhalte gegen das geistige Eigentum (Markenrechte, Urheberrechte, etc.) oder gegen das Pers\u00f6nlichkeitsrecht Dritter versto\u00dfen. Dieser Haftungsausschuss gilt gleicherma\u00dfen f\u00fcr Inhalte von Internetseiten, welche von den Nutzern ohne Kenntnis des Vereins verlinkt wurden. Wir \u00fcbernehmen daher keine Gew\u00e4hr f\u00fcr die Aktualit\u00e4t, Richtigkeit, Vollst\u00e4ndigkeit oder Qualit\u00e4t der dort bereitgestellten Informationen und distanzieren uns hiermit ausdr\u00fccklich von diesen Inhalten. Auch ist diese Seite eine andauernde inhaltliche Kontrolle der von Nutzern eingestellten Inhalte sowie der verlinkten fremden Seiten nicht m\u00f6glich und ohne konkrete Anhaltspunkte einer Rechtsverletzung auch nicht zumutbar. Sobald uns indes jugendgef\u00e4hrdende Inhalte oder Rechtsverletzungen bekannt werden sollten, werden derartige Inhalte unverz\u00fcglich entfernt.<\/p>\n<p>\u00a9 2016 Sinnbild (<a href=\"http:\/\/idee-und-gestaltung.de\/\">idee-und-gestaltung.de<\/a>)<br \/>\nAlle Rechte am Bild-, Video- und Textmaterial dieser Website sind dem Kinderf\u00f6rderverein Raisting vorbehalten.<\/p>\n","protected":false},"excerpt":{"rendered":"<p>Inhaltlich Verantwortlich: Kinderf\u00f6rderverein Raisting e.V. Laura Dorsch Gruberberg 4 82399 Raisting eMail: info@kifoe-raisting.de Vereinsregisternummer: VR 80189, Vereinsregister M\u00fcnchen &nbsp; Rechtliche Hinweise Die Angaben auf dieser Seite beruhen auf Selbstausk\u00fcnften oder Selbsteintragungen durch die Verantwortlichen des Kinderf\u00f6rdervereins, auf Mitteilungen von Nutzern<\/p>\n","protected":false},"author":4,"featured_media":0,"parent":0,"menu_order":0,"comment_status":"closed","ping_status":"closed","template":"","meta":{"om_disable_all_campaigns":false,"_monsterinsights_skip_tracking":false,"_monsterinsights_sitenote_active":false,"_monsterinsights_sitenote_note":"","_monsterinsights_sitenote_category":0,"footnotes":""},"class_list":["post-48","page","type-page","status-publish","hentry"],"aioseo_notices":[],"_links":{"self":[{"href":"https:\/\/www.kifoe-raisting.de\/index.php?rest_route=\/wp\/v2\/pages\/48"}],"collection":[{"href":"https:\/\/www.kifoe-raisting.de\/index.php?rest_route=\/wp\/v2\/pages"}],"about":[{"href":"https:\/\/www.kifoe-raisting.de\/index.php?rest_route=\/wp\/v2\/types\/page"}],"author":[{"embeddable":true,"href":"https:\/\/www.kifoe-raisting.de\/index.php?rest_route=\/wp\/v2\/users\/4"}],"replies":[{"embeddable":true,"href":"https:\/\/www.kifoe-raisting.de\/index.php?rest_route=%2Fwp%2Fv2%2Fcomments&post=48"}],"version-history":[{"count":12,"href":"https:\/\/www.kifoe-raisting.de\/index.php?rest_route=\/wp\/v2\/pages\/48\/revisions"}],"predecessor-version":[{"id":432,"href":"https:\/\/www.kifoe-raisting.de\/index.php?rest_route=\/wp\/v2\/pages\/48\/revisions\/432"}],"wp:attachment":[{"href":"https:\/\/www.kifoe-raisting.de\/index.php?rest_route=%2Fwp%2Fv2%2Fmedia&parent=48"}],"curies":[{"name":"wp","href":"https:\/\/api.w.org\/{rel}","templated":true}]}}