{"id":35,"date":"2016-09-14T13:21:04","date_gmt":"2016-09-14T13:21:04","guid":{"rendered":"http:\/\/baustelle.kindergartenfoerderungsverein-raisting.de\/?page_id=35"},"modified":"2025-10-17T14:58:11","modified_gmt":"2025-10-17T12:58:11","slug":"kontakt","status":"publish","type":"page","link":"https:\/\/www.kifoe-raisting.de\/?page_id=35","title":{"rendered":"Kontakt"},"content":{"rendered":"<p>F\u00fcr Fragen und Anregungen steht Ihnen der Vorstand selbstverst\u00e4ndlich gerne zur Verf\u00fcgung.<\/p>\n<p>Kinderf\u00f6rderverein Raisting e.V<br \/>c\/o Laura Dorsch<br \/>Gruberberg 4<br \/>82399 Raisting<\/p>\n<p><a href=\"mailto:info@kifoe-raisting.de\">info@kifoe-raisting.de<\/a><\/p>\n\n\n<p>Wir sind auch auf den Sozialen Medien unterwegs:<\/p>\n\n\n\n<ul class=\"wp-block-list\">\n<li><a href=\"https:\/\/www.facebook.com\/kinderfoerdervereinraisting\/?locale=de_DE\">Facebook<\/a><\/li>\n\n\n\n<li><a href=\"https:\/\/www.instagram.com\/kifoe_raisting\/?igsh=MWE5Y3RpN2c3eWZ0Yw%3D%3D\">Instagram<\/a> <\/li>\n\n\n\n<li><a href=\"https:\/\/whatsapp.com\/channel\/0029Vb6c3JXAu3aOgNzCTI0F\" title=\"\">Whatsapp<\/a><\/li>\n<\/ul>\n\n\n\n<p>Einverst\u00e4ndniserkl\u00e4rung, &#8222;Kind-darf-alleine-nach-Hause&#8220;-Formular: <a href=\"https:\/\/www.kifoe-raisting.de\/wp-content\/uploads\/2025\/02\/EinverstaendniserklaerungAlleineNachHause.pdf\" target=\"_blank\" rel=\"noreferrer noopener\">https:EinverstaendniserklaerungAlleineNachHause.pdf<\/a><\/p>\n\n\n\n<p><\/p>\n","protected":false},"excerpt":{"rendered":"<p>F\u00fcr Fragen und Anregungen steht Ihnen der Vorstand selbstverst\u00e4ndlich gerne zur Verf\u00fcgung. Kinderf\u00f6rderverein Raisting e.Vc\/o Laura DorschGruberberg 482399 Raisting info@kifoe-raisting.de Wir sind auch auf den Sozialen Medien unterwegs: Einverst\u00e4ndniserkl\u00e4rung, &#8222;Kind-darf-alleine-nach-Hause&#8220;-Formular: https:EinverstaendniserklaerungAlleineNachHause.pdf<\/p>\n","protected":false},"author":4,"featured_media":0,"parent":0,"menu_order":0,"comment_status":"closed","ping_status":"closed","template":"","meta":{"om_disable_all_campaigns":false,"_monsterinsights_skip_tracking":false,"_monsterinsights_sitenote_active":false,"_monsterinsights_sitenote_note":"","_monsterinsights_sitenote_category":0,"footnotes":""},"class_list":["post-35","page","type-page","status-publish","hentry"],"aioseo_notices":[],"_links":{"self":[{"href":"https:\/\/www.kifoe-raisting.de\/index.php?rest_route=\/wp\/v2\/pages\/35"}],"collection":[{"href":"https:\/\/www.kifoe-raisting.de\/index.php?rest_route=\/wp\/v2\/pages"}],"about":[{"href":"https:\/\/www.kifoe-raisting.de\/index.php?rest_route=\/wp\/v2\/types\/page"}],"author":[{"embeddable":true,"href":"https:\/\/www.kifoe-raisting.de\/index.php?rest_route=\/wp\/v2\/users\/4"}],"replies":[{"embeddable":true,"href":"https:\/\/www.kifoe-raisting.de\/index.php?rest_route=%2Fwp%2Fv2%2Fcomments&post=35"}],"version-history":[{"count":12,"href":"https:\/\/www.kifoe-raisting.de\/index.php?rest_route=\/wp\/v2\/pages\/35\/revisions"}],"predecessor-version":[{"id":1237,"href":"https:\/\/www.kifoe-raisting.de\/index.php?rest_route=\/wp\/v2\/pages\/35\/revisions\/1237"}],"wp:attachment":[{"href":"https:\/\/www.kifoe-raisting.de\/index.php?rest_route=%2Fwp%2Fv2%2Fmedia&parent=35"}],"curies":[{"name":"wp","href":"https:\/\/api.w.org\/{rel}","templated":true}]}}