{"id":1277,"date":"2026-02-22T21:22:37","date_gmt":"2026-02-22T20:22:37","guid":{"rendered":"https:\/\/www.kifoe-raisting.de\/?page_id=1277"},"modified":"2026-02-22T21:22:37","modified_gmt":"2026-02-22T20:22:37","slug":"spielplatz-bauphase-und-helferinformationen","status":"publish","type":"page","link":"https:\/\/www.kifoe-raisting.de\/?page_id=1277","title":{"rendered":"Spielplatz | Bauphase und Helferinformationen"},"content":{"rendered":"\n<p class=\"has-vivid-cyan-blue-color has-text-color has-link-color wp-elements-fbcad5025291dd98b0123dc916da945f\"><strong>EIN NEUER TREFFPUNKT ENTSTEHT: SPIELPLATZBAU IN RAISTING<\/strong><\/p>\n\n\n\n<figure class=\"wp-block-image size-full\"><img fetchpriority=\"high\" decoding=\"async\" width=\"1218\" height=\"772\" src=\"https:\/\/www.kifoe-raisting.de\/wp-content\/uploads\/2026\/02\/Spielplatz-Bauphase.png\" alt=\"\" class=\"wp-image-1283\" srcset=\"https:\/\/www.kifoe-raisting.de\/wp-content\/uploads\/2026\/02\/Spielplatz-Bauphase.png 1218w, https:\/\/www.kifoe-raisting.de\/wp-content\/uploads\/2026\/02\/Spielplatz-Bauphase-300x190.png 300w, https:\/\/www.kifoe-raisting.de\/wp-content\/uploads\/2026\/02\/Spielplatz-Bauphase-1024x649.png 1024w, https:\/\/www.kifoe-raisting.de\/wp-content\/uploads\/2026\/02\/Spielplatz-Bauphase-768x487.png 768w\" sizes=\"(max-width: 1218px) 100vw, 1218px\" \/><\/figure>\n\n\n<div class=\"wp-block-image\">\n<figure class=\"aligncenter size-full is-resized\"><img decoding=\"async\" width=\"1094\" height=\"226\" src=\"https:\/\/www.kifoe-raisting.de\/wp-content\/uploads\/2026\/02\/Bildschirmfoto-2026-02-22-um-20.40.40.png\" alt=\"\" class=\"wp-image-1278\" style=\"width:500px\" srcset=\"https:\/\/www.kifoe-raisting.de\/wp-content\/uploads\/2026\/02\/Bildschirmfoto-2026-02-22-um-20.40.40.png 1094w, https:\/\/www.kifoe-raisting.de\/wp-content\/uploads\/2026\/02\/Bildschirmfoto-2026-02-22-um-20.40.40-300x62.png 300w, https:\/\/www.kifoe-raisting.de\/wp-content\/uploads\/2026\/02\/Bildschirmfoto-2026-02-22-um-20.40.40-1024x212.png 1024w, https:\/\/www.kifoe-raisting.de\/wp-content\/uploads\/2026\/02\/Bildschirmfoto-2026-02-22-um-20.40.40-768x159.png 768w\" sizes=\"(max-width: 1094px) 100vw, 1094px\" \/><\/figure><\/div>\n\n\n<p><strong>Wissenswertes zusammengefasst<\/strong>:<\/p>\n\n\n\n<ul class=\"wp-block-list\">\n<li>Mitmachen kann jeder, es werden keine Vorkenntnisse ben\u00f6tigt! Alle sind eingeladen, sich an unserem Mehrgenerationen-Spielplatz zu beteiligen<\/li>\n\n\n\n<li>Anleitung erfolgt durch erfahrenes und professionelles Personal<\/li>\n\n\n\n<li>!! Kinder k\u00f6nnen aus Sicherheitsgr\u00fcnden nicht mithelfen.<\/li>\n\n\n\n<li>Gemeinsames Essen: f\u00fcr Verpflegung wird w\u00e4hrend den Eins\u00e4tzen gesorgt!<\/li>\n\n\n\n<li>Alle Ehrenamtlichen sind \u00fcber die zust\u00e4ndige Berufsgenossenschaft des Veranstalters versichert<\/li>\n\n\n\n<li>Hilfe gibt es in vielen Formen: gerne kann man auch f\u00fcr Verpflegung an bestimmten Tagen sorgen!<br>Materialspenden sind auch m\u00f6glich:\n<ul class=\"wp-block-list\">\n<li>Baumaschinen: Bagger, Radlader, Betonmischer, LKW<\/li>\n\n\n\n<li>Bodenmaterial: Mauerbausteine, Findlinge, Kies, Schotter, Sand, Betonmischer, Beton<\/li>\n\n\n\n<li>Anbauteile: Edelstahlrutschen oder \u00e4hnliches<\/li>\n\n\n\n<li>Pflanzen: Geh\u00f6lze, B\u00e4ume, Stauden<\/li>\n<\/ul>\n<\/li>\n\n\n\n<li><br>\u2794 <strong>Bitte alle m\u00f6glichen Spenden mit uns rechtzeitig absprechen!<\/strong><\/li>\n<\/ul>\n\n\n\n<p><strong>Bitte mitbringen<\/strong>:<\/p>\n\n\n\n<ul class=\"wp-block-list\">\n<li>Arbeitshandschuhe<\/li>\n\n\n\n<li>Arbeitskleidung<\/li>\n\n\n\n<li>Arbeitsschuhe \u2013 Sicherheitsschuhe, mindestens festes Schuhwerk wie Bergstiefel<\/li>\n\n\n\n<li>Lust auf unser gemeinsames Dorfprojekt!<\/li>\n<\/ul>\n\n\n\n<p><strong>Was passiert, wenn wir nicht gen\u00fcgend HelferInnen haben?<\/strong><\/p>\n\n\n\n<ul class=\"wp-block-list\">\n<li>Bei Mehrkosten aufgrund von zu wenig HelferInnen kann es dazu kommen, dass wir<br>Spielger\u00e4te streichen m\u00fcssen! Die Mindestanzahl an Helfern m\u00fcssen wir also<br>erreichen!<br><\/li>\n<\/ul>\n\n\n\n<p><strong>Was passiert, wenn wir zu viele HelferInnen haben?<\/strong><\/p>\n\n\n\n<ul class=\"wp-block-list\">\n<li>Alle Objekte werden vor Ort gemeinsam gebaut, also k\u00f6nnten auch spontane<br>zus\u00e4tzliche, nicht geplante Ma\u00dfnahmen umgesetzt werden oder Bereiche intensiver<br>gestaltet werden!<\/li>\n<\/ul>\n\n\n\n<p class=\"has-black-color has-text-color has-link-color wp-elements-fbc5addb296f0c56ed508d97195e9c9b\"><strong>Wie kann ich mitmachen?<\/strong><\/p>\n\n\n\n<ul class=\"wp-block-list\">\n<li>In die WhatsApp Gruppe einsteigen \u2013 QR Code auf unserem Helferflyer<\/li>\n\n\n\n<li>Zutritt \u00fcber: https:\/\/chat.whatsapp.com\/FKcXMoN4JV1F5K898ypH8d?mode=gi_t<\/li>\n\n\n\n<li>E-Mail an uns: <a href=\"mailto:info@kifoe-raisting.de\">info@kifoe-raisting.de<\/a><\/li>\n<\/ul>\n\n\n<div class=\"wp-block-image\">\n<figure class=\"aligncenter size-full is-resized\"><img decoding=\"async\" width=\"280\" height=\"280\" src=\"https:\/\/www.kifoe-raisting.de\/wp-content\/uploads\/2026\/02\/QR-Code-Helfergruppe.png\" alt=\"\" class=\"wp-image-1280\" style=\"width:150px\" srcset=\"https:\/\/www.kifoe-raisting.de\/wp-content\/uploads\/2026\/02\/QR-Code-Helfergruppe.png 280w, https:\/\/www.kifoe-raisting.de\/wp-content\/uploads\/2026\/02\/QR-Code-Helfergruppe-150x150.png 150w, https:\/\/www.kifoe-raisting.de\/wp-content\/uploads\/2026\/02\/QR-Code-Helfergruppe-230x230.png 230w\" sizes=\"(max-width: 280px) 100vw, 280px\" \/><\/figure><\/div>\n\n\n<p class=\"has-vivid-cyan-blue-color has-text-color has-link-color wp-elements-85e32820844e50139b56f263f59c1f00\"><strong>In der WhatsApp Gruppe wird es tageweise Abfragen geben, dort k\u00f6nnt ihr euch dann eintragen und wir somit die Helfereins\u00e4tze besser planen. W\u00e4hrend der Bauphase werden wir hier auch kurzfristig Informationen oder Fragen einstellen, wenn wir noch etwas ben\u00f6tigen. Die WhatsApp Gruppe dient nur der Kommunikation f\u00fcr den Spielplatz, bitte keine anderen Informationen einstellen!<\/strong><\/p>\n\n\n\n<p>Wir freuen uns auf eine gute Bauzeit mit euch, auf ein gutes Miteinander und ein gemeinsames Gestalten!<br>F\u00fcr unsere Kinder, f\u00fcr ein noch lebenswerteres Raisting!<br>Euer Kinderf\u00f6rderverein Raisting<\/p>\n","protected":false},"excerpt":{"rendered":"<p>EIN NEUER TREFFPUNKT ENTSTEHT: SPIELPLATZBAU IN RAISTING Wissenswertes zusammengefasst: Bitte mitbringen: Was passiert, wenn wir nicht gen\u00fcgend HelferInnen haben? Was passiert, wenn wir zu viele HelferInnen haben? Wie kann ich mitmachen? In der WhatsApp Gruppe wird es tageweise Abfragen geben,<\/p>\n","protected":false},"author":11,"featured_media":0,"parent":1125,"menu_order":0,"comment_status":"closed","ping_status":"closed","template":"","meta":{"om_disable_all_campaigns":false,"_monsterinsights_skip_tracking":false,"_monsterinsights_sitenote_active":false,"_monsterinsights_sitenote_note":"","_monsterinsights_sitenote_category":0,"footnotes":""},"class_list":["post-1277","page","type-page","status-publish","hentry"],"aioseo_notices":[],"_links":{"self":[{"href":"https:\/\/www.kifoe-raisting.de\/index.php?rest_route=\/wp\/v2\/pages\/1277"}],"collection":[{"href":"https:\/\/www.kifoe-raisting.de\/index.php?rest_route=\/wp\/v2\/pages"}],"about":[{"href":"https:\/\/www.kifoe-raisting.de\/index.php?rest_route=\/wp\/v2\/types\/page"}],"author":[{"embeddable":true,"href":"https:\/\/www.kifoe-raisting.de\/index.php?rest_route=\/wp\/v2\/users\/11"}],"replies":[{"embeddable":true,"href":"https:\/\/www.kifoe-raisting.de\/index.php?rest_route=%2Fwp%2Fv2%2Fcomments&post=1277"}],"version-history":[{"count":7,"href":"https:\/\/www.kifoe-raisting.de\/index.php?rest_route=\/wp\/v2\/pages\/1277\/revisions"}],"predecessor-version":[{"id":1287,"href":"https:\/\/www.kifoe-raisting.de\/index.php?rest_route=\/wp\/v2\/pages\/1277\/revisions\/1287"}],"up":[{"embeddable":true,"href":"https:\/\/www.kifoe-raisting.de\/index.php?rest_route=\/wp\/v2\/pages\/1125"}],"wp:attachment":[{"href":"https:\/\/www.kifoe-raisting.de\/index.php?rest_route=%2Fwp%2Fv2%2Fmedia&parent=1277"}],"curies":[{"name":"wp","href":"https:\/\/api.w.org\/{rel}","templated":true}]}}